{"id":92,"date":"2018-06-30T22:23:40","date_gmt":"2018-07-01T01:23:40","guid":{"rendered":"http:\/\/drjadercosta.com\/?page_id=92"},"modified":"2023-05-06T19:32:57","modified_gmt":"2023-05-06T22:32:57","slug":"dr-jader-costa","status":"publish","type":"page","link":"https:\/\/drjadercosta.com\/?page_id=92","title":{"rendered":"Dr Jader Costa"},"content":{"rendered":"<p>Otorrinolaringologista em Tr\u00eas Rios &#8211; RJ<\/p>\n<p style=\"text-align: justify;\"><span style=\"font-family: helvetica, arial, sans-serif;\"><span style=\"font-size: 14pt;\">M\u00e9dico formado na Universidade Federal Fluminense, cursou sua resid\u00eancia m\u00e9dica em Otorrinolaringologia no Hospital Universit\u00e1rio Antonio Pedro (UFF). Atuou como staff m\u00e9dico do setor de Otorrinolaringologia do Hospital Universit\u00e1rio Antonio Pedro. Focado na \u00e1rea de pesquisa, atividades acad\u00eamicas e no atendimento a pacientes com patologias do ouvido, nariz e garganta.<\/span><\/span><\/p>\n<p style=\"text-align: justify;\"><span style=\"font-family: helvetica, arial, sans-serif;\">\u00a0 \u00a0\u00a0<\/span><\/p>\n","protected":false},"excerpt":{"rendered":"<p>Otorrinolaringologista em Tr\u00eas Rios &#8211; RJ M\u00e9dico formado na Universidade Federal Fluminense, cursou sua resid\u00eancia m\u00e9dica em Otorrinolaringologia no Hospital Universit\u00e1rio Antonio Pedro (UFF). Atuou como staff m\u00e9dico do setor de Otorrinolaringologia do Hospital Universit\u00e1rio Antonio Pedro. Focado na \u00e1rea de pesquisa, atividades acad\u00eamicas e no atendimento a pacientes com patologias do ouvido, nariz e [&hellip;]<\/p>\n","protected":false},"author":1,"featured_media":63,"parent":0,"menu_order":0,"comment_status":"closed","ping_status":"closed","template":"","meta":{"_mi_skip_tracking":false,"_exactmetrics_sitenote_active":false,"_exactmetrics_sitenote_note":"","_exactmetrics_sitenote_category":0},"acf":[],"_links":{"self":[{"href":"https:\/\/drjadercosta.com\/index.php?rest_route=\/wp\/v2\/pages\/92"}],"collection":[{"href":"https:\/\/drjadercosta.com\/index.php?rest_route=\/wp\/v2\/pages"}],"about":[{"href":"https:\/\/drjadercosta.com\/index.php?rest_route=\/wp\/v2\/types\/page"}],"author":[{"embeddable":true,"href":"https:\/\/drjadercosta.com\/index.php?rest_route=\/wp\/v2\/users\/1"}],"replies":[{"embeddable":true,"href":"https:\/\/drjadercosta.com\/index.php?rest_route=%2Fwp%2Fv2%2Fcomments&post=92"}],"version-history":[{"count":16,"href":"https:\/\/drjadercosta.com\/index.php?rest_route=\/wp\/v2\/pages\/92\/revisions"}],"predecessor-version":[{"id":681,"href":"https:\/\/drjadercosta.com\/index.php?rest_route=\/wp\/v2\/pages\/92\/revisions\/681"}],"wp:featuredmedia":[{"embeddable":true,"href":"https:\/\/drjadercosta.com\/index.php?rest_route=\/wp\/v2\/media\/63"}],"wp:attachment":[{"href":"https:\/\/drjadercosta.com\/index.php?rest_route=%2Fwp%2Fv2%2Fmedia&parent=92"}],"curies":[{"name":"wp","href":"https:\/\/api.w.org\/{rel}","templated":true}]}}